{"id":693,"date":"2022-06-09T10:28:01","date_gmt":"2022-06-09T10:28:01","guid":{"rendered":"https:\/\/www.colegioaguila.com\/?page_id=693"},"modified":"2022-06-09T10:28:01","modified_gmt":"2022-06-09T10:28:01","slug":"politica-de-privacidad","status":"publish","type":"page","link":"https:\/\/www.colegioaguila.com\/index.php\/politica-de-privacidad\/","title":{"rendered":"Pol\u00edtica de Privacidad"},"content":{"rendered":"<h4 class=\"sow-headline\" style=\"text-align: center;\"><span style=\"text-decoration: underline; color: #000000;\"><strong>Aviso Legal<\/strong><\/span><\/h4>\n<p>&nbsp;<\/p>\n<div id=\"panel-1109-0-0-1\" class=\"so-panel widget widget_text panel-last-child\" data-index=\"1\">\n<div class=\"textwidget\">\n<p><span style=\"color: #000000;\"><strong>1.- Aviso legal<\/strong><\/span><\/p>\n<p><span style=\"color: #000000;\">Al usuario que accede a esta Web no le supone permiso del <b>colegio<\/b> para el uso o derecho de todo o parte del contenido en ella expuesto<\/span><\/p>\n<p><span style=\"color: #000000;\">El contenido de esta Web no se considera prestaci\u00f3n de servicio alguno, sino que es considerado un medio de informaci\u00f3n general.<\/span><\/p>\n<p><span style=\"color: #000000;\">Con relaci\u00f3n a las informaciones y contenidos de esta Web, el <b>colegio <\/b>no garantiza ni el acceso en ning\u00fan momento a los usuarios que deseen acceder a la misma, ni la disponibilidad de acceder al contenido, ni su exactitud, ni su actualidad o actualizaci\u00f3n, as\u00ed como el posible uso de los usuarios para finalidades propias.<\/span><\/p>\n<p><span style=\"color: #000000;\">Consecuentemente, el <b>colegio<\/b>, su Junta de Gobierno y en particular su Secretar\u00eda, como responsable directo de esta Web, no se responsabilizan de la utilizaci\u00f3n de informaciones o datos vertidos en la misma, que pudiesen servir para documentar, argumentar o basar trabajos, obras, etc, de los usuarios.<\/span><\/p>\n<p><span style=\"color: #000000;\">Est\u00e1 totalmente prohibido; alterar, cambiar o manipular esta Web sin permiso expreso de el <b>colegio<\/b> de su Secretar\u00eda. Eximi\u00e9ndose el <b>colegio <\/b>de cualquier da\u00f1o o perjuicio que de esa circunstancia realizada por terceros pudiera dar lugar.<\/span><\/p>\n<p><span style=\"color: #000000;\">El usuario que acceda a esta Web de el <b>colegio <\/b>se obliga a respetar y cumplir con las leyes vigentes que pudieran repercutir en el buen uso de la misma, siendo responsable directo de los da\u00f1os y perjuicios que pudiera causar, quedando el <b>colegio <\/b>en posesi\u00f3n de su derecho a velar por sus intereses ante la Justicia competente.<\/span><\/p>\n<p>&nbsp;<\/p>\n<p><span style=\"color: #000000;\"><strong>2.- Declaraciones Legales<\/strong><\/span><\/p>\n<p><span style=\"color: #000000;\">La informaci\u00f3n proporcionada por el <b>colegio <\/b>en esta Web oficial, es un servicio a los usuarios y al p\u00fablico en general y puede ser usado solo para fines informativos.<\/span><\/p>\n<p><span style=\"color: #000000;\">Por el simple hecho de conectarse y visualizar el contenido el usuario acepta los t\u00e9rminos de uso. Si el usuario no est\u00e1 de acuerdo con estos t\u00e9rminos no utilice este sitio Web y no visualice su contenido.<\/span><\/p>\n<p><span style=\"color: #000000;\">La informaci\u00f3n se provee tal cual sin ninguna garant\u00eda expl\u00edcita o impl\u00edcita, incluyendo garant\u00edas de comercializaci\u00f3n, utilizaci\u00f3n para un fin particular, o uso indebido de propiedad intelectual. Bajo ninguna circunstancia podr\u00e1 el <b>colegio <\/b>ser responsable por da\u00f1os a terceros incluyendo en forma enunciativa pero no limitativa; p\u00e9rdida de utilidades, interrupci\u00f3n de negocio, p\u00e9rdida de informaci\u00f3n, etc., por el uso y\/o disponibilidad de la informaci\u00f3n, a\u00fan cuando el <b>colegio <\/b>haya sido informado de la posibilidad de estos da\u00f1os.<\/span><\/p>\n<p><span style=\"color: #000000;\">El <b>colegio <\/b>realizar\u00e1 su mejor esfuerzo para proveer de informaci\u00f3n actualizada y confiable, sin embargo, el <b>colegio <\/b>no garantiza la confiabilidad y actualidad de la informaci\u00f3n, textos, im\u00e1genes, enlaces, u otros materiales contenidos en el sitio Web <a href=\"https:\/\/www.colegioaguila.com\/\">https:\/\/www.colegioaguila.com\/\u00a0<\/a> ya que pueden contener errores t\u00e9cnicos o tipogr\u00e1ficos. El <b>colegio<\/b> puede modificar, corregir, eliminar, etc. estos materiales en cualquier momento sin previo aviso, sin el compromiso expl\u00edcito de actualizarlos.<\/span><\/p>\n<p><span style=\"color: #000000;\">Algunos hiperv\u00ednculos en este sitio Web conectan a otros sitios o servicios mantenidos por terceros, sobre los cuales el <b>colegio <\/b>no tiene ning\u00fan control. Por lo mismo, el <b>colegio <\/b>no puede ofrecer o garantizar la confiabilidad o cualquier otro aspecto sobre la informaci\u00f3n proporcionada en esos sitios o servicios.<\/span><\/p>\n<p><span style=\"color: #000000;\">Los hiperv\u00ednculos incluidos en nuestro sitio Web se incluyen como referencia y conveniencia a nuestros usuarios, sin embargo esto no implica una recomendaci\u00f3n por parte del <b>colegio<\/b>.<\/span><\/p>\n<p><span style=\"color: #000000;\">El <b>colegio <\/b>no monitorea los hiperv\u00ednculos externos para revisar su confiabilidad o contenido y no garantiza la informaci\u00f3n contenida en ellos, ya que dicha informaci\u00f3n es de la exclusiva competencia de estos.<\/span><\/p>\n<p>&nbsp;<\/p>\n<p><span style=\"color: #000000;\"><strong>3.- Copyright<\/strong><\/span><\/p>\n<p><span style=\"color: #000000;\">Se autoriza a cualquier persona a desplegar, visualizar, reproducir e imprimir la informaci\u00f3n (texto-im\u00e1genes) y\/o documentos disponibles en este sitio Web, de acuerdo a las siguientes condiciones:<\/span><\/p>\n<ul>\n<li><span style=\"color: #000000;\">Los documentos (textos-im\u00e1genes) podr\u00e1n ser utilizados exclusivamente para fines de informaci\u00f3n <strong>personal<\/strong>.<\/span><\/li>\n<li><span style=\"color: #000000;\">Los documentos (textos-im\u00e1genes) podr\u00e1n ser utilizados solamente para fines <strong>no comerciales<\/strong> y no se podr\u00e1n distribuir, vender o comercializar con prop\u00f3sitos comerciales por terceros, a\u00fan cuando no exista \u00e1nimo de lucro.<\/span><\/li>\n<li><span style=\"color: #000000;\">Los documentos (textos-im\u00e1genes) no se podr\u00e1n traducir o modificar en cualquier forma o medio. Estos documentos (textos-im\u00e1genes) no podr\u00e1n ser incorporados o hacer parte de otros documentos por parte de terceros, sin la autorizaci\u00f3n expl\u00edcita y por escrito de el <b>colegio<\/b>.<\/span><\/li>\n<li><span style=\"color: #000000;\">Los textos e im\u00e1genes de este sitio Web son propiedad exclusiva de el <b>colegio<\/b>, salvo aquellos que as\u00ed se indiquen y que son propiedad de terceros.<\/span><\/li>\n<\/ul>\n<p>&nbsp;<\/p>\n<p><span style=\"color: #000000;\"><strong>4.- Protecci\u00f3n de Datos de Car\u00e1cter Personal<\/strong><\/span><\/p>\n<p><span style=\"color: #000000;\">El <b>colegio<\/b> es consciente de la importancia de la privacidad de los datos de car\u00e1cter personal y por ello, ha implementado una pol\u00edtica de tratamiento de datos orientada a proveer la m\u00e1xima seguridad en el uso y recogida de los mismos, garantizando el cumplimiento de la normativa vigente en la materia y configurando dicha pol\u00edtica como uno de los pilares b\u00e1sicos en las l\u00edneas de actuaci\u00f3n de la entidad.<\/span><\/p>\n<p><span style=\"color: #000000;\">Durante la navegaci\u00f3n a trav\u00e9s de la web <a href=\"https:\/\/www.colegioaguila.com\/\">https:\/\/www.colegioaguila.com\/ <\/a>es posible el tratamiento de datos de car\u00e1cter personal a trav\u00e9s de diferentes formularios dispuestos al efecto. Dichos datos formar\u00e1n parte de los pertinentes ficheros en funci\u00f3n de la finalidad determinada y concreta que motiva el recabo de los mismos.<\/span><\/p>\n<p><span style=\"color: #000000;\">De esta forma, la informaci\u00f3n particular de cada tratamiento de datos se aportar\u00e1 junto a los formularios web, siendo com\u00fan a todos ellos el responsable del fichero: <b>colegio <\/b>Nuestra se\u00f1ora del \u00c1guila en C. \u00c1guila Marina, 0, 41006 Sevilla, as\u00ed como el lugar y forma de ejercicio de los derechos de acceso, rectificaci\u00f3n, cancelaci\u00f3n y oposici\u00f3n, que deber\u00e1 formalizarse mediante una comunicaci\u00f3n escrita a la direcci\u00f3n indicada anteriormente incluyendo copia del DNI o documento identificativo equivalente.<\/span><\/p>\n<p><span style=\"color: #000000;\">En el supuesto de que aporte sus datos a trav\u00e9s de un mensaje de correo electr\u00f3nico, el mismo formar\u00e1 parte de un fichero cuya finalidad ser\u00e1 la gesti\u00f3n de la solicitud o comentario que nos realiza, siendo aplicables el resto de extremos indicados en el p\u00e1rrafo anterior.<\/span><\/p>\n<p><span style=\"color: #000000;\">Por otro lado, el <b>colegio<\/b> ha implantado las medidas t\u00e9cnicas y organizativas necesarias para evitar la p\u00e9rdida, mal uso, alteraci\u00f3n, acceso no autorizado y robo de los Datos Personales que los interesados pudieran facilitar como consecuencia del acceso a las diferentes secciones del website <a href=\"https:\/\/www.colegioaguila.com\/\">https:\/\/www.colegioaguila.com\/<\/a>, aplicando las medidas de seguridad contempladas en el Real Decreto 1720\/2007, de 21 de diciembre, por el que se aprueba el Reglamento de desarrollo de la Ley Org\u00e1nica 15\/1999, de 13 de diciembre, de protecci\u00f3n de datos de car\u00e1cter personal.<\/span><\/p>\n<p><span style=\"color: #000000;\">E-mail: 41601701.edu@juntadeandalucia.es<\/span><\/p>\n<p>&nbsp;<\/p>\n<p><span style=\"color: #000000;\"><strong>5.- Cookies<\/strong><\/span><\/p>\n<p><span style=\"color: #000000;\">Desde el <b>colegio<\/b> deseamos informarte que nuestra p\u00e1gina web utiliza cookies para analizar la navegaci\u00f3n de usuarios. Las cookies son unos archivos que se instalan en el equipo desde el que accedes a nuestra web con las finalidades que se describen en esta p\u00e1gina.<\/span><\/p>\n<p><span style=\"color: #000000;\">Para permitir, conocer, bloquear o eliminar las cookies instaladas en tu equipo puedes hacerlo mediante la configuraci\u00f3n de las opciones del navegador instalado en su ordenador. Por ejemplo puedes encontrar informaci\u00f3n sobre c\u00f3mo hacerlo en el caso que uses como navegador:<\/span><\/p>\n<ul>\n<li><span style=\"color: #000000;\">Firefox desde aqu\u00ed: <a style=\"color: #000000;\" href=\"http:\/\/support.mozilla.org\/es\/kb\/habilitar-y-deshabilitar-cookies-que-los-sitios-we\" target=\"_blank\" rel=\"noopener\"><span style=\"color: #ff0000;\">http:\/\/support.mozilla.org\/es\/kb\/habilitar-y-deshabilitar-cookies-que-los-sitios-we<\/span><\/a><\/span><\/li>\n<li><span style=\"color: #000000;\">Chrome desde aqu\u00ed: <a style=\"color: #000000;\" href=\"http:\/\/support.google.com\/chrome\/bin\/answer.py?hl=es&amp;answer=95647\" target=\"_blank\" rel=\"noopener\"><span style=\"color: #ff0000;\">http:\/\/support.google.com\/chrome\/bin\/answer.py?hl=es&amp;answer=95647<\/span><\/a><\/span><\/li>\n<li><span style=\"color: #000000;\">Explorer desde aqu\u00ed: <a style=\"color: #000000;\" href=\"http:\/\/windows.microsoft.com\/es-es\/windows7\/how-to-manage-cookies-in-internet-explorer-9\" target=\"_blank\" rel=\"noopener\"><span style=\"color: #ff0000;\">http:\/\/windows.microsoft.com\/es-es\/windows7\/how-to-manage-cookies-in-internet-explorer-9<\/span><\/a><\/span><\/li>\n<li><span style=\"color: #000000;\">Safari desde aqu\u00ed: <a style=\"color: #000000;\" href=\"http:\/\/support.apple.com\/kb\/ph5042\" target=\"_blank\" rel=\"noopener\"><span style=\"color: #ff0000;\">http:\/\/support.apple.com\/kb\/ph5042<\/span><\/a><\/span><\/li>\n<li><span style=\"color: #000000;\">Opera desde aqu\u00ed: <a style=\"color: #000000;\" href=\"http:\/\/help.opera.com\/Windows\/11.50\/es-ES\/cookies.html\" target=\"_blank\" rel=\"noopener\"><span style=\"color: #ff0000;\">http:\/\/help.opera.com\/Windows\/11.50\/es-ES\/cookies.html<\/span><\/a><\/span><\/li>\n<\/ul>\n<p><span style=\"color: #000000;\">El <b>colegio<\/b> no se responsabilizar\u00e1 del mal uso que el usuario pueda realizar de su web, ni de los virus u otros elementos que pudieran existir y causar da\u00f1os en los sistemas inform\u00e1ticos, en los documentos electr\u00f3nicos o en los ficheros de los usuarios de su web o de la web de terceros.<\/span><\/p>\n<\/div>\n<\/div>\n","protected":false},"excerpt":{"rendered":"<p>Aviso Legal &nbsp; 1.- Aviso legal Al usuario que accede [&hellip;]<\/p>\n","protected":false},"author":1,"featured_media":0,"parent":0,"menu_order":0,"comment_status":"closed","ping_status":"closed","template":"","meta":{"footnotes":""},"class_list":["post-693","page","type-page","status-publish","hentry"],"yoast_head":"<!-- This site is optimized with the Yoast SEO plugin v27.6 - https:\/\/yoast.com\/product\/yoast-seo-wordpress\/ -->\n<title>Pol\u00edtica de Privacidad &#183; C.E.I.P. NUESTRA SE\u00d1ORA DEL \u00c1GUILA<\/title>\n<meta name=\"robots\" content=\"index, follow, max-snippet:-1, max-image-preview:large, max-video-preview:-1\" \/>\n<link rel=\"canonical\" href=\"https:\/\/www.colegioaguila.com\/index.php\/politica-de-privacidad\/\" \/>\n<meta property=\"og:locale\" content=\"es_ES\" \/>\n<meta property=\"og:type\" content=\"article\" \/>\n<meta property=\"og:title\" content=\"Pol\u00edtica de Privacidad &#183; C.E.I.P. NUESTRA SE\u00d1ORA DEL \u00c1GUILA\" \/>\n<meta property=\"og:description\" content=\"Aviso Legal &nbsp; 1.- Aviso legal Al usuario que accede [&hellip;]\" \/>\n<meta property=\"og:url\" content=\"https:\/\/www.colegioaguila.com\/index.php\/politica-de-privacidad\/\" \/>\n<meta property=\"og:site_name\" content=\"C.E.I.P. NUESTRA SE\u00d1ORA DEL \u00c1GUILA\" \/>\n<meta name=\"twitter:card\" content=\"summary_large_image\" \/>\n<meta name=\"twitter:label1\" content=\"Tiempo de lectura\" \/>\n\t<meta name=\"twitter:data1\" content=\"6 minutos\" \/>\n<script type=\"application\/ld+json\" class=\"yoast-schema-graph\">{\"@context\":\"https:\\\/\\\/schema.org\",\"@graph\":[{\"@type\":\"WebPage\",\"@id\":\"https:\\\/\\\/www.colegioaguila.com\\\/index.php\\\/politica-de-privacidad\\\/\",\"url\":\"https:\\\/\\\/www.colegioaguila.com\\\/index.php\\\/politica-de-privacidad\\\/\",\"name\":\"Pol\u00edtica de Privacidad &#183; C.E.I.P. NUESTRA SE\u00d1ORA DEL \u00c1GUILA\",\"isPartOf\":{\"@id\":\"https:\\\/\\\/www.colegioaguila.com\\\/#website\"},\"datePublished\":\"2022-06-09T10:28:01+00:00\",\"breadcrumb\":{\"@id\":\"https:\\\/\\\/www.colegioaguila.com\\\/index.php\\\/politica-de-privacidad\\\/#breadcrumb\"},\"inLanguage\":\"es\",\"potentialAction\":[{\"@type\":\"ReadAction\",\"target\":[\"https:\\\/\\\/www.colegioaguila.com\\\/index.php\\\/politica-de-privacidad\\\/\"]}]},{\"@type\":\"BreadcrumbList\",\"@id\":\"https:\\\/\\\/www.colegioaguila.com\\\/index.php\\\/politica-de-privacidad\\\/#breadcrumb\",\"itemListElement\":[{\"@type\":\"ListItem\",\"position\":1,\"name\":\"Portada\",\"item\":\"https:\\\/\\\/www.colegioaguila.com\\\/\"},{\"@type\":\"ListItem\",\"position\":2,\"name\":\"Pol\u00edtica de Privacidad\"}]},{\"@type\":\"WebSite\",\"@id\":\"https:\\\/\\\/www.colegioaguila.com\\\/#website\",\"url\":\"https:\\\/\\\/www.colegioaguila.com\\\/\",\"name\":\"C.E.I.P. NUESTRA SE\u00d1ORA DEL \u00c1GUILA\",\"description\":\"\",\"publisher\":{\"@id\":\"https:\\\/\\\/www.colegioaguila.com\\\/#organization\"},\"potentialAction\":[{\"@type\":\"SearchAction\",\"target\":{\"@type\":\"EntryPoint\",\"urlTemplate\":\"https:\\\/\\\/www.colegioaguila.com\\\/?s={search_term_string}\"},\"query-input\":{\"@type\":\"PropertyValueSpecification\",\"valueRequired\":true,\"valueName\":\"search_term_string\"}}],\"inLanguage\":\"es\"},{\"@type\":\"Organization\",\"@id\":\"https:\\\/\\\/www.colegioaguila.com\\\/#organization\",\"name\":\"CEIP Nuestra Se\u00f1ora del \u00c1guila\",\"url\":\"https:\\\/\\\/www.colegioaguila.com\\\/\",\"logo\":{\"@type\":\"ImageObject\",\"inLanguage\":\"es\",\"@id\":\"https:\\\/\\\/www.colegioaguila.com\\\/#\\\/schema\\\/logo\\\/image\\\/\",\"url\":\"https:\\\/\\\/www.colegioaguila.com\\\/wp-content\\\/uploads\\\/2021\\\/02\\\/escudotransparente.png\",\"contentUrl\":\"https:\\\/\\\/www.colegioaguila.com\\\/wp-content\\\/uploads\\\/2021\\\/02\\\/escudotransparente.png\",\"width\":389,\"height\":550,\"caption\":\"CEIP Nuestra Se\u00f1ora del \u00c1guila\"},\"image\":{\"@id\":\"https:\\\/\\\/www.colegioaguila.com\\\/#\\\/schema\\\/logo\\\/image\\\/\"}}]}<\/script>\n<!-- \/ Yoast SEO plugin. -->","yoast_head_json":{"title":"Pol\u00edtica de Privacidad &#183; C.E.I.P. NUESTRA SE\u00d1ORA DEL \u00c1GUILA","robots":{"index":"index","follow":"follow","max-snippet":"max-snippet:-1","max-image-preview":"max-image-preview:large","max-video-preview":"max-video-preview:-1"},"canonical":"https:\/\/www.colegioaguila.com\/index.php\/politica-de-privacidad\/","og_locale":"es_ES","og_type":"article","og_title":"Pol\u00edtica de Privacidad &#183; C.E.I.P. NUESTRA SE\u00d1ORA DEL \u00c1GUILA","og_description":"Aviso Legal &nbsp; 1.- Aviso legal Al usuario que accede [&hellip;]","og_url":"https:\/\/www.colegioaguila.com\/index.php\/politica-de-privacidad\/","og_site_name":"C.E.I.P. NUESTRA SE\u00d1ORA DEL \u00c1GUILA","twitter_card":"summary_large_image","twitter_misc":{"Tiempo de lectura":"6 minutos"},"schema":{"@context":"https:\/\/schema.org","@graph":[{"@type":"WebPage","@id":"https:\/\/www.colegioaguila.com\/index.php\/politica-de-privacidad\/","url":"https:\/\/www.colegioaguila.com\/index.php\/politica-de-privacidad\/","name":"Pol\u00edtica de Privacidad &#183; C.E.I.P. NUESTRA SE\u00d1ORA DEL \u00c1GUILA","isPartOf":{"@id":"https:\/\/www.colegioaguila.com\/#website"},"datePublished":"2022-06-09T10:28:01+00:00","breadcrumb":{"@id":"https:\/\/www.colegioaguila.com\/index.php\/politica-de-privacidad\/#breadcrumb"},"inLanguage":"es","potentialAction":[{"@type":"ReadAction","target":["https:\/\/www.colegioaguila.com\/index.php\/politica-de-privacidad\/"]}]},{"@type":"BreadcrumbList","@id":"https:\/\/www.colegioaguila.com\/index.php\/politica-de-privacidad\/#breadcrumb","itemListElement":[{"@type":"ListItem","position":1,"name":"Portada","item":"https:\/\/www.colegioaguila.com\/"},{"@type":"ListItem","position":2,"name":"Pol\u00edtica de Privacidad"}]},{"@type":"WebSite","@id":"https:\/\/www.colegioaguila.com\/#website","url":"https:\/\/www.colegioaguila.com\/","name":"C.E.I.P. NUESTRA SE\u00d1ORA DEL \u00c1GUILA","description":"","publisher":{"@id":"https:\/\/www.colegioaguila.com\/#organization"},"potentialAction":[{"@type":"SearchAction","target":{"@type":"EntryPoint","urlTemplate":"https:\/\/www.colegioaguila.com\/?s={search_term_string}"},"query-input":{"@type":"PropertyValueSpecification","valueRequired":true,"valueName":"search_term_string"}}],"inLanguage":"es"},{"@type":"Organization","@id":"https:\/\/www.colegioaguila.com\/#organization","name":"CEIP Nuestra Se\u00f1ora del \u00c1guila","url":"https:\/\/www.colegioaguila.com\/","logo":{"@type":"ImageObject","inLanguage":"es","@id":"https:\/\/www.colegioaguila.com\/#\/schema\/logo\/image\/","url":"https:\/\/www.colegioaguila.com\/wp-content\/uploads\/2021\/02\/escudotransparente.png","contentUrl":"https:\/\/www.colegioaguila.com\/wp-content\/uploads\/2021\/02\/escudotransparente.png","width":389,"height":550,"caption":"CEIP Nuestra Se\u00f1ora del \u00c1guila"},"image":{"@id":"https:\/\/www.colegioaguila.com\/#\/schema\/logo\/image\/"}}]}},"_links":{"self":[{"href":"https:\/\/www.colegioaguila.com\/index.php\/wp-json\/wp\/v2\/pages\/693","targetHints":{"allow":["GET"]}}],"collection":[{"href":"https:\/\/www.colegioaguila.com\/index.php\/wp-json\/wp\/v2\/pages"}],"about":[{"href":"https:\/\/www.colegioaguila.com\/index.php\/wp-json\/wp\/v2\/types\/page"}],"author":[{"embeddable":true,"href":"https:\/\/www.colegioaguila.com\/index.php\/wp-json\/wp\/v2\/users\/1"}],"replies":[{"embeddable":true,"href":"https:\/\/www.colegioaguila.com\/index.php\/wp-json\/wp\/v2\/comments?post=693"}],"version-history":[{"count":1,"href":"https:\/\/www.colegioaguila.com\/index.php\/wp-json\/wp\/v2\/pages\/693\/revisions"}],"predecessor-version":[{"id":694,"href":"https:\/\/www.colegioaguila.com\/index.php\/wp-json\/wp\/v2\/pages\/693\/revisions\/694"}],"wp:attachment":[{"href":"https:\/\/www.colegioaguila.com\/index.php\/wp-json\/wp\/v2\/media?parent=693"}],"curies":[{"name":"wp","href":"https:\/\/api.w.org\/{rel}","templated":true}]}}