{"id":870,"date":"2022-12-07T11:38:32","date_gmt":"2022-12-07T11:38:32","guid":{"rendered":"https:\/\/www.colegioaguila.com\/?page_id=870"},"modified":"2022-12-07T11:38:32","modified_gmt":"2022-12-07T11:38:32","slug":"formacion-trilema-cooperativo","status":"publish","type":"page","link":"https:\/\/www.colegioaguila.com\/index.php\/formacion-trilema-cooperativo\/","title":{"rendered":"FORMACI\u00d3N TRILEMA COOPERATIVO"},"content":{"rendered":"<div class=\"fusion-fullwidth fullwidth-box fusion-builder-row-1 fusion-flex-container nonhundred-percent-fullwidth non-hundred-percent-height-scrolling\" style=\"background-color: rgba(255,255,255,0);background-position: center center;background-repeat: no-repeat;border-width: 0px 0px 0px 0px;border-color:#e2e2e2;border-style:solid;\" ><div class=\"fusion-builder-row fusion-row fusion-flex-align-items-flex-start\" style=\"max-width:1248px;margin-left: calc(-4% \/ 2 );margin-right: calc(-4% \/ 2 );\"><div class=\"fusion-layout-column fusion_builder_column fusion-builder-column-0 fusion_builder_column_1_1 1_1 fusion-flex-column\"><div class=\"fusion-column-wrapper fusion-flex-justify-content-flex-start fusion-content-layout-column\" style=\"background-position:left top;background-repeat:no-repeat;-webkit-background-size:cover;-moz-background-size:cover;-o-background-size:cover;background-size:cover;padding: 0px 0px 0px 0px;\"><style type=\"text\/css\">@media only screen and (max-width:1024px) {.fusion-title.fusion-title-1{margin-top:10px!important;margin-bottom:25px!important;}}@media only screen and (max-width:640px) {.fusion-title.fusion-title-1{margin-top:10px!important;margin-bottom:10px!important;}}<\/style><div class=\"fusion-title title fusion-title-1 fusion-sep-none fusion-title-center fusion-title-text fusion-title-size-one\" style=\"margin-top:10px;margin-bottom:25px;\"><h1 class=\"title-heading-center\" style=\"font-family:&quot;Georgia, serif&quot;;font-weight:400;margin:0;\"><p style=\"font-weight: 400;\">FORMACI\u00d3N TRILEMA COOPERATIVO<\/p><\/h1><\/div><div class=\"fusion-separator\" style=\"align-self: center;margin-left: auto;margin-right: auto;margin-top:15px;margin-bottom:15px;width:100%;max-width:170px;\"><div class=\"fusion-separator-border sep-single sep-solid\" style=\"border-color:#c6b355;border-top-width:2px;\"><\/div><\/div><style type=\"text\/css\">.fusion-gallery-1 .fusion-gallery-image {border:0px solid #e2e2e2;}<\/style><div class=\"fusion-gallery fusion-gallery-container fusion-grid-3 fusion-columns-total-4 fusion-gallery-layout-grid fusion-gallery-1\" style=\"margin:-5px;\"><div style=\"padding:5px;\" class=\"fusion-grid-column fusion-gallery-column fusion-gallery-column-3 hover-type-none\"><div class=\"fusion-gallery-image\"><a href=\"https:\/\/www.colegioaguila.com\/wp-content\/uploads\/2022\/12\/4-ANOS-COOPERATIVO-1.jpeg\" rel=\"noreferrer\" data-rel=\"iLightbox[gallery_image_1]\" class=\"fusion-lightbox\" target=\"_self\"><img decoding=\"async\" src=\"https:\/\/www.colegioaguila.com\/wp-content\/uploads\/2022\/12\/4-ANOS-COOPERATIVO-1.jpeg\" width=\"2000\" height=\"924\" alt=\"\" title=\"4 A\u00d1OS COOPERATIVO 1\" aria-label=\"4 A\u00d1OS COOPERATIVO 1\" class=\"img-responsive wp-image-871\" srcset=\"https:\/\/www.colegioaguila.com\/wp-content\/uploads\/2022\/12\/4-ANOS-COOPERATIVO-1-200x92.jpeg 200w, https:\/\/www.colegioaguila.com\/wp-content\/uploads\/2022\/12\/4-ANOS-COOPERATIVO-1-400x185.jpeg 400w, https:\/\/www.colegioaguila.com\/wp-content\/uploads\/2022\/12\/4-ANOS-COOPERATIVO-1-600x277.jpeg 600w, https:\/\/www.colegioaguila.com\/wp-content\/uploads\/2022\/12\/4-ANOS-COOPERATIVO-1-800x370.jpeg 800w, https:\/\/www.colegioaguila.com\/wp-content\/uploads\/2022\/12\/4-ANOS-COOPERATIVO-1-1200x554.jpeg 1200w, https:\/\/www.colegioaguila.com\/wp-content\/uploads\/2022\/12\/4-ANOS-COOPERATIVO-1.jpeg 2000w\" sizes=\"(min-width: 2200px) 100vw, (min-width: 784px) 397px, (min-width: 712px) 595px, (min-width: 640px) 712px, \" \/><\/a><\/div><\/div><div style=\"padding:5px;\" class=\"fusion-grid-column fusion-gallery-column fusion-gallery-column-3 hover-type-none\"><div class=\"fusion-gallery-image\"><a href=\"https:\/\/www.colegioaguila.com\/wp-content\/uploads\/2022\/12\/4-ANOS-COOPERATIVO.jpeg\" rel=\"noreferrer\" data-rel=\"iLightbox[gallery_image_1]\" class=\"fusion-lightbox\" target=\"_self\"><img decoding=\"async\" src=\"https:\/\/www.colegioaguila.com\/wp-content\/uploads\/2022\/12\/4-ANOS-COOPERATIVO.jpeg\" width=\"2000\" height=\"924\" alt=\"\" title=\"4 A\u00d1OS COOPERATIVO\" aria-label=\"4 A\u00d1OS COOPERATIVO\" class=\"img-responsive wp-image-872\" srcset=\"https:\/\/www.colegioaguila.com\/wp-content\/uploads\/2022\/12\/4-ANOS-COOPERATIVO-200x92.jpeg 200w, https:\/\/www.colegioaguila.com\/wp-content\/uploads\/2022\/12\/4-ANOS-COOPERATIVO-400x185.jpeg 400w, https:\/\/www.colegioaguila.com\/wp-content\/uploads\/2022\/12\/4-ANOS-COOPERATIVO-600x277.jpeg 600w, https:\/\/www.colegioaguila.com\/wp-content\/uploads\/2022\/12\/4-ANOS-COOPERATIVO-800x370.jpeg 800w, https:\/\/www.colegioaguila.com\/wp-content\/uploads\/2022\/12\/4-ANOS-COOPERATIVO-1200x554.jpeg 1200w, https:\/\/www.colegioaguila.com\/wp-content\/uploads\/2022\/12\/4-ANOS-COOPERATIVO.jpeg 2000w\" sizes=\"(min-width: 2200px) 100vw, (min-width: 784px) 397px, (min-width: 712px) 595px, (min-width: 640px) 712px, \" \/><\/a><\/div><\/div><div style=\"padding:5px;\" class=\"fusion-grid-column fusion-gallery-column fusion-gallery-column-3 hover-type-none\"><div class=\"fusion-gallery-image\"><a href=\"https:\/\/www.colegioaguila.com\/wp-content\/uploads\/2022\/12\/COOPERATIVO-PLASTICA-5o.jpeg\" rel=\"noreferrer\" data-rel=\"iLightbox[gallery_image_1]\" class=\"fusion-lightbox\" target=\"_self\"><img decoding=\"async\" src=\"https:\/\/www.colegioaguila.com\/wp-content\/uploads\/2022\/12\/COOPERATIVO-PLASTICA-5o.jpeg\" width=\"2048\" height=\"1536\" alt=\"\" title=\"COOPERATIVO PL\u00c1STICA 5\u00ba\" aria-label=\"COOPERATIVO PL\u00c1STICA 5\u00ba\" class=\"img-responsive wp-image-873\" srcset=\"https:\/\/www.colegioaguila.com\/wp-content\/uploads\/2022\/12\/COOPERATIVO-PLASTICA-5o-200x150.jpeg 200w, https:\/\/www.colegioaguila.com\/wp-content\/uploads\/2022\/12\/COOPERATIVO-PLASTICA-5o-400x300.jpeg 400w, https:\/\/www.colegioaguila.com\/wp-content\/uploads\/2022\/12\/COOPERATIVO-PLASTICA-5o-600x450.jpeg 600w, https:\/\/www.colegioaguila.com\/wp-content\/uploads\/2022\/12\/COOPERATIVO-PLASTICA-5o-800x600.jpeg 800w, https:\/\/www.colegioaguila.com\/wp-content\/uploads\/2022\/12\/COOPERATIVO-PLASTICA-5o-1200x900.jpeg 1200w, https:\/\/www.colegioaguila.com\/wp-content\/uploads\/2022\/12\/COOPERATIVO-PLASTICA-5o.jpeg 2048w\" sizes=\"(min-width: 2200px) 100vw, (min-width: 784px) 397px, (min-width: 712px) 595px, (min-width: 640px) 712px, \" \/><\/a><\/div><\/div><div class=\"clearfix\"><\/div><div style=\"padding:5px;\" class=\"fusion-grid-column fusion-gallery-column fusion-gallery-column-3 hover-type-none\"><div class=\"fusion-gallery-image\"><a href=\"https:\/\/www.colegioaguila.com\/wp-content\/uploads\/2022\/12\/COOPERATIVO-PLASTICA.jpeg\" rel=\"noreferrer\" data-rel=\"iLightbox[gallery_image_1]\" class=\"fusion-lightbox\" target=\"_self\"><img decoding=\"async\" src=\"https:\/\/www.colegioaguila.com\/wp-content\/uploads\/2022\/12\/COOPERATIVO-PLASTICA.jpeg\" width=\"1536\" height=\"2048\" alt=\"\" title=\"COOPERATIVO PL\u00c1STICA\" aria-label=\"COOPERATIVO PL\u00c1STICA\" class=\"img-responsive wp-image-874\" srcset=\"https:\/\/www.colegioaguila.com\/wp-content\/uploads\/2022\/12\/COOPERATIVO-PLASTICA-200x267.jpeg 200w, https:\/\/www.colegioaguila.com\/wp-content\/uploads\/2022\/12\/COOPERATIVO-PLASTICA-400x533.jpeg 400w, https:\/\/www.colegioaguila.com\/wp-content\/uploads\/2022\/12\/COOPERATIVO-PLASTICA-600x800.jpeg 600w, https:\/\/www.colegioaguila.com\/wp-content\/uploads\/2022\/12\/COOPERATIVO-PLASTICA-800x1067.jpeg 800w, https:\/\/www.colegioaguila.com\/wp-content\/uploads\/2022\/12\/COOPERATIVO-PLASTICA-1200x1600.jpeg 1200w, https:\/\/www.colegioaguila.com\/wp-content\/uploads\/2022\/12\/COOPERATIVO-PLASTICA.jpeg 1536w\" sizes=\"(min-width: 2200px) 100vw, (min-width: 784px) 397px, (min-width: 712px) 595px, (min-width: 640px) 712px, \" \/><\/a><\/div><\/div><\/div><\/div><\/div><style type=\"text\/css\">.fusion-body .fusion-builder-column-0{width:100% !important;margin-top : 0px;margin-bottom : 20px;}.fusion-builder-column-0 > .fusion-column-wrapper {padding-top : 0px !important;padding-right : 0px !important;margin-right : 1.92%;padding-bottom : 0px !important;padding-left : 0px !important;margin-left : 1.92%;}@media only screen and (max-width:1024px) {.fusion-body .fusion-builder-column-0{width:100% !important;order : 0;}.fusion-builder-column-0 > .fusion-column-wrapper {margin-right : 1.92%;margin-left : 1.92%;}}@media only screen and (max-width:640px) {.fusion-body .fusion-builder-column-0{width:100% !important;order : 0;}.fusion-builder-column-0 > .fusion-column-wrapper {margin-right : 1.92%;margin-left : 1.92%;}}<\/style><\/div><style type=\"text\/css\">.fusion-body .fusion-flex-container.fusion-builder-row-1{ padding-top : 0px;margin-top : 0px;padding-right : 0px;padding-bottom : 0px;margin-bottom : 0px;padding-left : 0px;}<\/style><\/div>\n","protected":false},"excerpt":{"rendered":"","protected":false},"author":1,"featured_media":0,"parent":0,"menu_order":0,"comment_status":"closed","ping_status":"closed","template":"","meta":{"footnotes":""},"class_list":["post-870","page","type-page","status-publish","hentry"],"yoast_head":"<!-- This site is optimized with the Yoast SEO plugin v27.6 - https:\/\/yoast.com\/product\/yoast-seo-wordpress\/ -->\n<title>FORMACI\u00d3N TRILEMA COOPERATIVO &#183; C.E.I.P. NUESTRA SE\u00d1ORA DEL \u00c1GUILA<\/title>\n<meta name=\"robots\" content=\"index, follow, max-snippet:-1, max-image-preview:large, max-video-preview:-1\" \/>\n<link rel=\"canonical\" href=\"https:\/\/www.colegioaguila.com\/index.php\/formacion-trilema-cooperativo\/\" \/>\n<meta property=\"og:locale\" content=\"es_ES\" \/>\n<meta property=\"og:type\" content=\"article\" \/>\n<meta property=\"og:title\" content=\"FORMACI\u00d3N TRILEMA COOPERATIVO &#183; C.E.I.P. NUESTRA SE\u00d1ORA DEL \u00c1GUILA\" \/>\n<meta property=\"og:url\" content=\"https:\/\/www.colegioaguila.com\/index.php\/formacion-trilema-cooperativo\/\" \/>\n<meta property=\"og:site_name\" content=\"C.E.I.P. NUESTRA SE\u00d1ORA DEL \u00c1GUILA\" \/>\n<meta name=\"twitter:card\" content=\"summary_large_image\" \/>\n<meta name=\"twitter:label1\" content=\"Tiempo de lectura\" \/>\n\t<meta name=\"twitter:data1\" content=\"2 minutos\" \/>\n<script type=\"application\/ld+json\" class=\"yoast-schema-graph\">{\"@context\":\"https:\\\/\\\/schema.org\",\"@graph\":[{\"@type\":\"WebPage\",\"@id\":\"https:\\\/\\\/www.colegioaguila.com\\\/index.php\\\/formacion-trilema-cooperativo\\\/\",\"url\":\"https:\\\/\\\/www.colegioaguila.com\\\/index.php\\\/formacion-trilema-cooperativo\\\/\",\"name\":\"FORMACI\u00d3N TRILEMA COOPERATIVO &#183; C.E.I.P. NUESTRA SE\u00d1ORA DEL \u00c1GUILA\",\"isPartOf\":{\"@id\":\"https:\\\/\\\/www.colegioaguila.com\\\/#website\"},\"datePublished\":\"2022-12-07T11:38:32+00:00\",\"breadcrumb\":{\"@id\":\"https:\\\/\\\/www.colegioaguila.com\\\/index.php\\\/formacion-trilema-cooperativo\\\/#breadcrumb\"},\"inLanguage\":\"es\",\"potentialAction\":[{\"@type\":\"ReadAction\",\"target\":[\"https:\\\/\\\/www.colegioaguila.com\\\/index.php\\\/formacion-trilema-cooperativo\\\/\"]}]},{\"@type\":\"BreadcrumbList\",\"@id\":\"https:\\\/\\\/www.colegioaguila.com\\\/index.php\\\/formacion-trilema-cooperativo\\\/#breadcrumb\",\"itemListElement\":[{\"@type\":\"ListItem\",\"position\":1,\"name\":\"Portada\",\"item\":\"https:\\\/\\\/www.colegioaguila.com\\\/\"},{\"@type\":\"ListItem\",\"position\":2,\"name\":\"FORMACI\u00d3N TRILEMA COOPERATIVO\"}]},{\"@type\":\"WebSite\",\"@id\":\"https:\\\/\\\/www.colegioaguila.com\\\/#website\",\"url\":\"https:\\\/\\\/www.colegioaguila.com\\\/\",\"name\":\"C.E.I.P. NUESTRA SE\u00d1ORA DEL \u00c1GUILA\",\"description\":\"\",\"publisher\":{\"@id\":\"https:\\\/\\\/www.colegioaguila.com\\\/#organization\"},\"potentialAction\":[{\"@type\":\"SearchAction\",\"target\":{\"@type\":\"EntryPoint\",\"urlTemplate\":\"https:\\\/\\\/www.colegioaguila.com\\\/?s={search_term_string}\"},\"query-input\":{\"@type\":\"PropertyValueSpecification\",\"valueRequired\":true,\"valueName\":\"search_term_string\"}}],\"inLanguage\":\"es\"},{\"@type\":\"Organization\",\"@id\":\"https:\\\/\\\/www.colegioaguila.com\\\/#organization\",\"name\":\"CEIP Nuestra Se\u00f1ora del \u00c1guila\",\"url\":\"https:\\\/\\\/www.colegioaguila.com\\\/\",\"logo\":{\"@type\":\"ImageObject\",\"inLanguage\":\"es\",\"@id\":\"https:\\\/\\\/www.colegioaguila.com\\\/#\\\/schema\\\/logo\\\/image\\\/\",\"url\":\"https:\\\/\\\/www.colegioaguila.com\\\/wp-content\\\/uploads\\\/2021\\\/02\\\/escudotransparente.png\",\"contentUrl\":\"https:\\\/\\\/www.colegioaguila.com\\\/wp-content\\\/uploads\\\/2021\\\/02\\\/escudotransparente.png\",\"width\":389,\"height\":550,\"caption\":\"CEIP Nuestra Se\u00f1ora del \u00c1guila\"},\"image\":{\"@id\":\"https:\\\/\\\/www.colegioaguila.com\\\/#\\\/schema\\\/logo\\\/image\\\/\"}}]}<\/script>\n<!-- \/ Yoast SEO plugin. -->","yoast_head_json":{"title":"FORMACI\u00d3N TRILEMA COOPERATIVO &#183; C.E.I.P. NUESTRA SE\u00d1ORA DEL \u00c1GUILA","robots":{"index":"index","follow":"follow","max-snippet":"max-snippet:-1","max-image-preview":"max-image-preview:large","max-video-preview":"max-video-preview:-1"},"canonical":"https:\/\/www.colegioaguila.com\/index.php\/formacion-trilema-cooperativo\/","og_locale":"es_ES","og_type":"article","og_title":"FORMACI\u00d3N TRILEMA COOPERATIVO &#183; C.E.I.P. NUESTRA SE\u00d1ORA DEL \u00c1GUILA","og_url":"https:\/\/www.colegioaguila.com\/index.php\/formacion-trilema-cooperativo\/","og_site_name":"C.E.I.P. NUESTRA SE\u00d1ORA DEL \u00c1GUILA","twitter_card":"summary_large_image","twitter_misc":{"Tiempo de lectura":"2 minutos"},"schema":{"@context":"https:\/\/schema.org","@graph":[{"@type":"WebPage","@id":"https:\/\/www.colegioaguila.com\/index.php\/formacion-trilema-cooperativo\/","url":"https:\/\/www.colegioaguila.com\/index.php\/formacion-trilema-cooperativo\/","name":"FORMACI\u00d3N TRILEMA COOPERATIVO &#183; C.E.I.P. NUESTRA SE\u00d1ORA DEL \u00c1GUILA","isPartOf":{"@id":"https:\/\/www.colegioaguila.com\/#website"},"datePublished":"2022-12-07T11:38:32+00:00","breadcrumb":{"@id":"https:\/\/www.colegioaguila.com\/index.php\/formacion-trilema-cooperativo\/#breadcrumb"},"inLanguage":"es","potentialAction":[{"@type":"ReadAction","target":["https:\/\/www.colegioaguila.com\/index.php\/formacion-trilema-cooperativo\/"]}]},{"@type":"BreadcrumbList","@id":"https:\/\/www.colegioaguila.com\/index.php\/formacion-trilema-cooperativo\/#breadcrumb","itemListElement":[{"@type":"ListItem","position":1,"name":"Portada","item":"https:\/\/www.colegioaguila.com\/"},{"@type":"ListItem","position":2,"name":"FORMACI\u00d3N TRILEMA COOPERATIVO"}]},{"@type":"WebSite","@id":"https:\/\/www.colegioaguila.com\/#website","url":"https:\/\/www.colegioaguila.com\/","name":"C.E.I.P. NUESTRA SE\u00d1ORA DEL \u00c1GUILA","description":"","publisher":{"@id":"https:\/\/www.colegioaguila.com\/#organization"},"potentialAction":[{"@type":"SearchAction","target":{"@type":"EntryPoint","urlTemplate":"https:\/\/www.colegioaguila.com\/?s={search_term_string}"},"query-input":{"@type":"PropertyValueSpecification","valueRequired":true,"valueName":"search_term_string"}}],"inLanguage":"es"},{"@type":"Organization","@id":"https:\/\/www.colegioaguila.com\/#organization","name":"CEIP Nuestra Se\u00f1ora del \u00c1guila","url":"https:\/\/www.colegioaguila.com\/","logo":{"@type":"ImageObject","inLanguage":"es","@id":"https:\/\/www.colegioaguila.com\/#\/schema\/logo\/image\/","url":"https:\/\/www.colegioaguila.com\/wp-content\/uploads\/2021\/02\/escudotransparente.png","contentUrl":"https:\/\/www.colegioaguila.com\/wp-content\/uploads\/2021\/02\/escudotransparente.png","width":389,"height":550,"caption":"CEIP Nuestra Se\u00f1ora del \u00c1guila"},"image":{"@id":"https:\/\/www.colegioaguila.com\/#\/schema\/logo\/image\/"}}]}},"_links":{"self":[{"href":"https:\/\/www.colegioaguila.com\/index.php\/wp-json\/wp\/v2\/pages\/870","targetHints":{"allow":["GET"]}}],"collection":[{"href":"https:\/\/www.colegioaguila.com\/index.php\/wp-json\/wp\/v2\/pages"}],"about":[{"href":"https:\/\/www.colegioaguila.com\/index.php\/wp-json\/wp\/v2\/types\/page"}],"author":[{"embeddable":true,"href":"https:\/\/www.colegioaguila.com\/index.php\/wp-json\/wp\/v2\/users\/1"}],"replies":[{"embeddable":true,"href":"https:\/\/www.colegioaguila.com\/index.php\/wp-json\/wp\/v2\/comments?post=870"}],"version-history":[{"count":1,"href":"https:\/\/www.colegioaguila.com\/index.php\/wp-json\/wp\/v2\/pages\/870\/revisions"}],"predecessor-version":[{"id":875,"href":"https:\/\/www.colegioaguila.com\/index.php\/wp-json\/wp\/v2\/pages\/870\/revisions\/875"}],"wp:attachment":[{"href":"https:\/\/www.colegioaguila.com\/index.php\/wp-json\/wp\/v2\/media?parent=870"}],"curies":[{"name":"wp","href":"https:\/\/api.w.org\/{rel}","templated":true}]}}